{"id":3166,"date":"2015-07-28T16:32:54","date_gmt":"2015-07-28T16:32:54","guid":{"rendered":"http:\/\/themenectar.com\/demo\/salient-agency\/?page_id=3166"},"modified":"2026-03-10T14:24:39","modified_gmt":"2026-03-10T13:24:39","slug":"home-default","status":"publish","type":"page","link":"https:\/\/ikoninformatika.hu\/en\/","title":{"rendered":"Home &#8211; Default"},"content":{"rendered":"<div id=\"fws_69d28e7fe7e96\"  data-column-margin=\"default\" data-midnight=\"dark\" data-top-percent=\"5%\"  class=\"wpb_row vc_row-fluid vc_row\"  style=\"padding-top: calc(100vw * 0.05); padding-bottom: 0px; \"><div class=\"row-bg-wrap\" data-bg-animation=\"none\" data-bg-overlay=\"false\"><div class=\"inner-wrap\"><div class=\"row-bg\"  style=\"\"><\/div><\/div><\/div><div class=\"row_col_wrap_12 col span_12 dark left\">\n\t<div  class=\"vc_col-sm-12 homeUnderHeader wpb_column column_container vc_column_container col no-extra-padding inherit_tablet inherit_phone\"  data-padding-pos=\"all\" data-has-bg-color=\"false\" data-bg-color=\"\" data-bg-opacity=\"1\" data-animation=\"\" data-delay=\"0\" >\n\t\t<div class=\"vc_column-inner\" >\n\t\t\t<div class=\"wpb_wrapper\">\n\t\t\t\t<h2 style=\"font-size: 40px;color: #686868;line-height: 50px;text-align: left\" class=\"vc_custom_heading\" >IKON Informatika Plc is an IT service provider focusing on corporations.<\/h2><p style=\"font-size: 20px;color: #686868;line-height: 1.5;text-align: left;font-family:Roboto;font-weight:400;font-style:normal\" class=\"vc_custom_heading\" >We strive to lead our clients through the multitude of available IT services and software and find the optimal solutions for their corporate information handling issues or their infocommunication device pool management. Our colleagues have proficiency in various fields of IT, we master a wide-range knowledge of the market, which all help us to find the right technology, the best fitting device and partner to meet the IT needs of your organization.<\/p><div class=\"page-submenu\" data-bg-color=\"#2781ba\" data-sticky=\"true\" data-alignment=\"left\"><div class=\"full-width-section\" style=\"background-color:#2781ba; color: #ffffff;\"><div class=\"container\"><a href=\"#\" class=\"mobile-menu-link\"><i class=\"salient-page-submenu-icon\"><\/i>Menu<\/a><ul style=\"background-color:#2781ba; color: #ffffff;\"><li><a  href=\"https:\/\/ikoninformatika.hu\/en\/apple-business-partner\/\">Apple Business Partner<\/a><\/li><li><a  href=\"https:\/\/ikoninformatika.hu\/en\/erp\/\">IKON ERP system<\/a><\/li><li><a  href=\"https:\/\/ikoninformatika.hu\/en\/penzinzetetimegoldasok\/\">Financial solutions<\/a><\/li><li><a  href=\"https:\/\/ikoninformatika.hu\/en\/szoftverfejlesztes\/\">Software development<\/a><\/li><li><a  href=\"https:\/\/ikoninformatika.hu\/en\/apple-akademia\/\">Blog<\/a><\/li><li><a  href=\"https:\/\/ikoninformatika.hu\/en\/rolunk\/\">About us<\/a><\/li><li><a  href=\"https:\/\/ikoninformatika.hu\/en\/palyazatok\/\">Grants<\/a><\/li><li><a  href=\"https:\/\/ikoninformatika.hu\/en\/kapcsolat\/\">Contact us<\/a><\/li><\/ul><\/div><\/div><\/div>\n\t\t\t<\/div> \n\t\t<\/div>\n\t<\/div> \n<\/div><\/div>\r\n\t\t<div id=\"fws_69d28e7fe900c\"  data-column-margin=\"default\" data-midnight=\"dark\"  class=\"wpb_row vc_row-fluid vc_row\"  style=\"padding-top: 0px; padding-bottom: 0px; \"><div class=\"row-bg-wrap\" data-bg-animation=\"none\" data-bg-overlay=\"false\"><div class=\"inner-wrap\"><div class=\"row-bg\"  style=\"\"><\/div><\/div><\/div><div class=\"row_col_wrap_12 col span_12 dark left\">\n\t<div style=\"\" class=\"vc_col-sm-3\/5 homeProjects wpb_column column_container vc_column_container col padding-2-percent inherit_tablet inherit_phone\" data-using-bg=\"true\" data-padding-pos=\"all\" data-has-bg-color=\"true\" data-bg-color=\"#033c59\" data-bg-opacity=\"1\" data-animation=\"\" data-delay=\"0\" >\n\t\t<div class=\"vc_column-inner\" ><div class=\"column-bg-overlay-wrap\" data-bg-animation=\"none\"><div class=\"column-bg-overlay\" style=\"opacity: 1; background-color: #033c59;\"><\/div><\/div>\n\t\t\t<div class=\"wpb_wrapper\">\n\t\t\t\t<h2 style=\"font-size: 40px;color: #ffffff;line-height: 50px;text-align: left;font-family:Roboto Condensed;font-weight:400;font-style:normal\" class=\"vc_custom_heading\" >Mobile device pool deployment and support<\/h2><p style=\"font-size: 20px;color: #ffffff;line-height: 1.5;text-align: left;font-family:Roboto;font-weight:400;font-style:normal\" class=\"vc_custom_heading\" >Devices with an apple on them enjoy a growing popularity in corporate use, but with them comes the challenge to use these devices to their full potential in the organization. We can help your company maximize the opportunities offered by your mobile devices right from the start. They could do more than you\u2019d think.<\/p>\n\t<div class=\"wpb_raw_code wpb_raw_js\" >\n\t\t<div class=\"wpb_wrapper\">\n\t\t\t<script> \nwindow.onload = load;\n\nfunction load() {\nconst element = document.querySelector('.page-submenu .full-width-section')\n\nconst newdiv = document.createElement(\"DIV\");  \nconst logoImage = document.createElement(\"IMG\");  \n\nnewdiv.appendChild(logoImage)\nelement.appendChild(newdiv)\n\nnewdiv.classList.add(\"imageContainer\");\nlogoImage.classList.add(\"starting-logo\", \"dark-version\", \"default-logo\");\n\nlogoImage.src = \"https:\/\/ikoninformatika.hu\/wp-content\/uploads\/2023\/04\/IKON-uj-szines-fekvo-ceg-nelkul-small.png\";\nconst mydivs = document.querySelectorAll('.flip-box-back .inner')\nconsole.log(mydivs )\n\n\/\/ mydiv.appendChild(aTag);\n\nmydivs.forEach((el,index) => {\nconst aTag = document.createElement('a');\nconst bTag = document.createElement('a');\nconst cTag = document.createElement('a');\nconst dTag = document.createElement('a');\nconst eTag = document.createElement('a');\naTag.setAttribute('href',\"https:\/\/ikoninformatika.hu\/en\/apple-authorised-reseller\/\");\naTag.innerText = \"Tov\u00e1bb a r\u00e9szletekre\";\nbTag.setAttribute('href',\"https:\/\/ikoninformatika.hu\/en\/erp\/\");\nbTag.innerText = \"Tov\u00e1bb a r\u00e9szletekre\";\ncTag.setAttribute('href',\"https:\/\/ikoninformatika.hu\/en\/penzinzetetimegoldasok\/\");\ncTag.innerText = \"Tov\u00e1bb a r\u00e9szletekre\";\ndTag.setAttribute('href',\"https:\/\/ikoninformatika.hu\/en\/szoftverfejlesztes\/\");\ndTag.innerText = \"Tov\u00e1bb a r\u00e9szletekre\";\neTag.setAttribute('href',\"https:\/\/ikoninformatika.hu\/en\/rolunk\/\");\neTag.innerText = \"Tov\u00e1bb a r\u00e9szletekre\";\n\nif (index === 0) {\n el.appendChild(aTag);\naTag.classList.add(\"buttonStyle1\");\n} \nelse if (index === 1) {\nel.appendChild(bTag);\nbTag.classList.add(\"buttonStyle2\");\n} \nelse if  (index === 2) {\nel.appendChild(cTag);\ncTag.classList.add(\"buttonStyle3\");\n} \nelse if  (index === 3) {\nel.appendChild(dTag);\ndTag.classList.add(\"buttonStyle4\");\n}\nelse  {\nel.appendChild(eTag);\neTag.classList.add(\"buttonStyle1\");\n}\n});\n\n}\n <\/script>\n\t\t<\/div>\n\t<\/div>\n\n\t\t\t<\/div> \n\t\t<\/div>\n\t<\/div> \n\n\t<div  class=\"vc_col-sm-2\/5 homeProjects wpb_column column_container vc_column_container col no-extra-padding inherit_tablet inherit_phone\"  data-padding-pos=\"all\" data-has-bg-color=\"false\" data-bg-color=\"\" data-bg-opacity=\"1\" data-animation=\"\" data-delay=\"0\" >\n\t\t<div class=\"vc_column-inner\" >\n\t\t\t<div class=\"wpb_wrapper\">\n\t\t\t\t<div class=\"nectar-flip-box\" data-min-height=\"300\" data-flip-direction=\"horizontal-to-left\" data-h_text_align=\"center\" data-v_text_align=\"center\"><div class=\"flip-box-front\"  data-bg-overlay=\"\" data-text-color=\"dark\" style=\"background-image: url('https:\/\/ikoninformatika.hu\/wp-content\/uploads\/2025\/10\/Apple_Biz_Partner_Logo_2ln_Blk_CI_050725-v2.png'); background-color: #fff; min-height: 300px;\"> <div class=\"inner\"><\/div> <\/div><div class=\"flip-box-back\"  data-bg-overlay=\"\" data-text-color=\"dark\" style=\"background-color: #faa71a; min-height: 300px;\"> <div class=\"inner\"><\/div> <\/div><\/div>\n\t\t\t<\/div> \n\t\t<\/div>\n\t<\/div> \n<\/div><\/div>\r\n\t\t<div id=\"fws_69d28e7fea28b\"  data-column-margin=\"default\" data-midnight=\"dark\"  class=\"wpb_row vc_row-fluid vc_row\"  style=\"padding-top: 0px; padding-bottom: 0px; \"><div class=\"row-bg-wrap\" data-bg-animation=\"none\" data-bg-overlay=\"false\"><div class=\"inner-wrap\"><div class=\"row-bg\"  style=\"\"><\/div><\/div><\/div><div class=\"row_col_wrap_12 col span_12 dark left\">\n\t<div style=\"\" class=\"vc_col-sm-3\/5 homeProjects wpb_column column_container vc_column_container col padding-2-percent inherit_tablet inherit_phone\" data-using-bg=\"true\" data-padding-pos=\"all\" data-has-bg-color=\"true\" data-bg-color=\"#faa71a\" data-bg-opacity=\"1\" data-animation=\"\" data-delay=\"0\" >\n\t\t<div class=\"vc_column-inner\" ><div class=\"column-bg-overlay-wrap\" data-bg-animation=\"none\"><div class=\"column-bg-overlay\" style=\"opacity: 1; background-color: #faa71a;\"><\/div><\/div>\n\t\t\t<div class=\"wpb_wrapper\">\n\t\t\t\t<h2 style=\"font-size: 40px;color: #444444;line-height: 50px;text-align: left;font-family:Roboto Condensed;font-weight:400;font-style:normal\" class=\"vc_custom_heading\" >IKON ERP system<\/h2><p style=\"font-size: 20px;color: #686868;line-height: 1.5;text-align: left;font-family:Roboto;font-weight:400;font-style:normal\" class=\"vc_custom_heading\" >All information in a company is only a pile of data until business intelligence puts it all in the service of decision makers. This needs order in business procedures, transparency in the reports, efficiency at the back-office processes \u2013 with as few resources used, as possible. Scope enterprise resource planning system prepares most of this information to be within the reach of the managers. Scope IKON ERP \u00ae is optimized to the needs of mid-size companies, with fast introduction, and tailored to the special features of each client. Let\u2019s be honest: there is no prospect for development without a good ERP system.<\/p>\n\t\t\t<\/div> \n\t\t<\/div>\n\t<\/div> \n\n\t<div  class=\"vc_col-sm-2\/5 homeProjects wpb_column column_container vc_column_container col no-extra-padding inherit_tablet inherit_phone\"  data-padding-pos=\"all\" data-has-bg-color=\"false\" data-bg-color=\"\" data-bg-opacity=\"1\" data-animation=\"\" data-delay=\"0\" >\n\t\t<div class=\"vc_column-inner\" >\n\t\t\t<div class=\"wpb_wrapper\">\n\t\t\t\t<div class=\"nectar-flip-box\" data-min-height=\"300\" data-flip-direction=\"horizontal-to-left\" data-h_text_align=\"center\" data-v_text_align=\"center\"><div class=\"flip-box-front\"  data-bg-overlay=\"\" data-text-color=\"dark\" style=\"background-image: url('https:\/\/ikoninformatika.hu\/wp-content\/uploads\/2023\/11\/ikon_ERP_cut-scaled.jpg'); background-color: #fff; min-height: 300px;\"> <div class=\"inner\"><\/div> <\/div><div class=\"flip-box-back\"  data-bg-overlay=\"\" data-text-color=\"dark\" style=\"background-color: #484848; min-height: 300px;\"> <div class=\"inner\"><\/div> <\/div><\/div>\n\t\t\t<\/div> \n\t\t<\/div>\n\t<\/div> \n<\/div><\/div>\r\n\t\t<div id=\"fws_69d28e7feb13c\"  data-column-margin=\"default\" data-midnight=\"dark\"  class=\"wpb_row vc_row-fluid vc_row\"  style=\"padding-top: 0px; padding-bottom: 0px; \"><div class=\"row-bg-wrap\" data-bg-animation=\"none\" data-bg-overlay=\"false\"><div class=\"inner-wrap\"><div class=\"row-bg\"  style=\"\"><\/div><\/div><\/div><div class=\"row_col_wrap_12 col span_12 dark left\">\n\t<div style=\"\" class=\"vc_col-sm-3\/5 homeProjects wpb_column column_container vc_column_container col padding-2-percent inherit_tablet inherit_phone\" data-using-bg=\"true\" data-padding-pos=\"all\" data-has-bg-color=\"true\" data-bg-color=\"#484848\" data-bg-opacity=\"1\" data-animation=\"\" data-delay=\"0\" >\n\t\t<div class=\"vc_column-inner\" ><div class=\"column-bg-overlay-wrap\" data-bg-animation=\"none\"><div class=\"column-bg-overlay\" style=\"opacity: 1; background-color: #484848;\"><\/div><\/div>\n\t\t\t<div class=\"wpb_wrapper\">\n\t\t\t\t<h2 style=\"font-size: 40px;color: #ffffff;line-height: 50px;text-align: left;font-family:Roboto Condensed;font-weight:400;font-style:normal\" class=\"vc_custom_heading\" >Financial solutions<\/h2><p style=\"font-size: 20px;color: #ffffff;line-height: 1.5;text-align: left;font-family:Roboto;font-weight:400;font-style:normal\" class=\"vc_custom_heading\" >We like to think of banking as being IT for the most part. It is a challenge for smaller banks and financial providers to find the core system with the right functionality, which covers their full product portfolio and ensures operation compliance with the Hungarian regulations, while requiring a reasonable investment. Instant Money integrated software system for financial institutions offers an optimal solution. We can also set you up with an instant payment solution as an independent module, which can be fitted to nearly any banking core system and meets the Central Bank of Hungary\u2019s requirements regarding the instant payments. Full-scale solutions are no longer a privilege of large banks!<\/p>\n\t\t\t<\/div> \n\t\t<\/div>\n\t<\/div> \n\n\t<div  class=\"vc_col-sm-2\/5 homeProjects wpb_column column_container vc_column_container col no-extra-padding inherit_tablet inherit_phone\"  data-padding-pos=\"all\" data-has-bg-color=\"false\" data-bg-color=\"\" data-bg-opacity=\"1\" data-animation=\"\" data-delay=\"0\" >\n\t\t<div class=\"vc_column-inner\" >\n\t\t\t<div class=\"wpb_wrapper\">\n\t\t\t\t<div class=\"nectar-flip-box\" data-min-height=\"300\" data-flip-direction=\"horizontal-to-left\" data-h_text_align=\"center\" data-v_text_align=\"center\"><div class=\"flip-box-front\"  data-bg-overlay=\"\" data-text-color=\"dark\" style=\"background-image: url('https:\/\/ikoninformatika.hu\/wp-content\/uploads\/2021\/02\/im.png'); background-color: #fff; min-height: 300px;\"> <div class=\"inner\"><\/div> <\/div><div class=\"flip-box-back\"  data-bg-overlay=\"\" data-text-color=\"dark\" style=\"background-color: #2781ba; min-height: 300px;\"> <div class=\"inner\"><\/div> <\/div><\/div>\n\t\t\t<\/div> \n\t\t<\/div>\n\t<\/div> \n<\/div><\/div>\r\n\t\t<div id=\"fws_69d28e7febf7f\"  data-column-margin=\"default\" data-midnight=\"dark\"  class=\"wpb_row vc_row-fluid vc_row\"  style=\"padding-top: 0px; padding-bottom: 0px; \"><div class=\"row-bg-wrap\" data-bg-animation=\"none\" data-bg-overlay=\"false\"><div class=\"inner-wrap\"><div class=\"row-bg\"  style=\"\"><\/div><\/div><\/div><div class=\"row_col_wrap_12 col span_12 dark left\">\n\t<div style=\"\" class=\"vc_col-sm-3\/5 homeProjects wpb_column column_container vc_column_container col padding-2-percent inherit_tablet inherit_phone\" data-using-bg=\"true\" data-padding-pos=\"all\" data-has-bg-color=\"true\" data-bg-color=\"#2781ba\" data-bg-opacity=\"1\" data-animation=\"\" data-delay=\"0\" >\n\t\t<div class=\"vc_column-inner\" ><div class=\"column-bg-overlay-wrap\" data-bg-animation=\"none\"><div class=\"column-bg-overlay\" style=\"opacity: 1; background-color: #2781ba;\"><\/div><\/div>\n\t\t\t<div class=\"wpb_wrapper\">\n\t\t\t\t<h2 style=\"font-size: 40px;color: #ffffff;line-height: 50px;text-align: left\" class=\"vc_custom_heading\" >Software development<\/h2><p style=\"font-size: 20px;color: #ffffff;line-height: 1.5;text-align: left;font-family:Roboto;font-weight:400;font-style:normal\" class=\"vc_custom_heading\" >Our developer colleagues have an average of 20 years of software development experience behind them, but this does not mean that we would want to solve our clients\u2019 special software development needs from some old routine. Instead, we dig into the problem, we find the right technology, and come up with a software tool precisely tailored to their unique needs. We do not bore you with the details of possible technology choices, because you may not be interested in this, only the goal: to be able to click on your \u201cown icon\u201d.<\/p>\n\t\t\t<\/div> \n\t\t<\/div>\n\t<\/div> \n\n\t<div  class=\"vc_col-sm-2\/5 homeProjects wpb_column column_container vc_column_container col no-extra-padding inherit_tablet inherit_phone\"  data-padding-pos=\"all\" data-has-bg-color=\"false\" data-bg-color=\"\" data-bg-opacity=\"1\" data-animation=\"\" data-delay=\"0\" >\n\t\t<div class=\"vc_column-inner\" >\n\t\t\t<div class=\"wpb_wrapper\">\n\t\t\t\t<div class=\"nectar-flip-box\" data-min-height=\"300\" data-flip-direction=\"horizontal-to-left\" data-h_text_align=\"center\" data-v_text_align=\"center\"><div class=\"flip-box-front\"  data-bg-overlay=\"\" data-text-color=\"dark\" style=\"background-image: url('https:\/\/ikoninformatika.hu\/wp-content\/uploads\/2021\/03\/development-1.png'); background-color: #fff; min-height: 300px;\"> <div class=\"inner\"><\/div> <\/div><div class=\"flip-box-back\"  data-bg-overlay=\"\" data-text-color=\"dark\" style=\"background-color: #033c59; min-height: 300px;\"> <div class=\"inner\"><\/div> <\/div><\/div>\n\t\t\t<\/div> \n\t\t<\/div>\n\t<\/div> \n<\/div><\/div>\r\n\t\t<div id=\"fws_69d28e7fecdc4\"  data-column-margin=\"default\" data-midnight=\"dark\"  class=\"wpb_row vc_row-fluid vc_row\"  style=\"padding-top: 0px; padding-bottom: 0px; \"><div class=\"row-bg-wrap\" data-bg-animation=\"none\" data-bg-overlay=\"false\"><div class=\"inner-wrap\"><div class=\"row-bg\"  style=\"\"><\/div><\/div><\/div><div class=\"row_col_wrap_12 col span_12 dark left\">\n\t<div style=\"\" class=\"vc_col-sm-3\/5 homeProjects wpb_column column_container vc_column_container col padding-2-percent inherit_tablet inherit_phone\" data-using-bg=\"true\" data-padding-pos=\"all\" data-has-bg-color=\"true\" data-bg-color=\"#033c59\" data-bg-opacity=\"1\" data-animation=\"\" data-delay=\"0\" >\n\t\t<div class=\"vc_column-inner\" ><div class=\"column-bg-overlay-wrap\" data-bg-animation=\"none\"><div class=\"column-bg-overlay\" style=\"opacity: 1; background-color: #033c59;\"><\/div><\/div>\n\t\t\t<div class=\"wpb_wrapper\">\n\t\t\t\t<h2 style=\"font-size: 40px;color: #ffffff;line-height: 50px;text-align: left;font-family:Roboto Condensed;font-weight:400;font-style:normal\" class=\"vc_custom_heading\" >Work different<\/h2><p style=\"font-size: 20px;color: #ffffff;line-height: 1.5;text-align: left;font-family:Roboto;font-weight:400;font-style:normal\" class=\"vc_custom_heading\" >This is our message in the shortest possible form. We would like to navigate companies that turn to us among the novelties of information technology, in order to make our so much used devices into our real help at work: integrated and smoothly cooperating software and hardware. Learn more about our philosophy, our values, and meet the team!<\/p>\n\t\t\t<\/div> \n\t\t<\/div>\n\t<\/div> \n\n\t<div  class=\"vc_col-sm-2\/5 homeProjects wpb_column column_container vc_column_container col no-extra-padding inherit_tablet inherit_phone\"  data-padding-pos=\"all\" data-has-bg-color=\"false\" data-bg-color=\"\" data-bg-opacity=\"1\" data-animation=\"\" data-delay=\"0\" >\n\t\t<div class=\"vc_column-inner\" >\n\t\t\t<div class=\"wpb_wrapper\">\n\t\t\t\t<div class=\"nectar-flip-box\" data-min-height=\"300\" data-flip-direction=\"horizontal-to-left\" data-h_text_align=\"center\" data-v_text_align=\"center\"><div class=\"flip-box-front\"  data-bg-overlay=\"\" data-text-color=\"dark\" style=\"background-image: url('https:\/\/ikoninformatika.hu\/wp-content\/uploads\/2021\/02\/team3.png'); background-color: #fff; min-height: 300px;\"> <div class=\"inner\"><\/div> <\/div><div class=\"flip-box-back\"  data-bg-overlay=\"\" data-text-color=\"dark\" style=\"background-color: #faa71a; min-height: 300px;\"> <div class=\"inner\"><\/div> <\/div><\/div>\n\t\t\t<\/div> \n\t\t<\/div>\n\t<\/div> \n<\/div><\/div>","protected":false},"excerpt":{"rendered":"Az IKON Informatika Zrt. egy v\u00e1llalatokra szakosodott informatikai szolg\u00e1ltat\u00f3.Arra t\u00f6reksz\u00fcnk, hogy eligaz\u00edtsuk \u00fcgyfeleinket az informatikai szolg\u00e1ltat\u00e1sok \u00e9s szoftverek s\u0171r\u0171j\u00e9ben, valamint optim\u00e1lis megold\u00e1sokat dolgozzunk ki v\u00e1llalatir\u00e1ny\u00edt\u00e1si probl\u00e9m\u00e1ikra vagy infokommunik\u00e1ci\u00f3s eszk\u00f6zparkok kezel\u00e9s\u00e9re....","protected":false},"author":1,"featured_media":0,"parent":0,"menu_order":0,"comment_status":"open","ping_status":"open","template":"","meta":{"footnotes":""},"class_list":["post-3166","page","type-page","status-publish"],"aioseo_notices":[],"jetpack_sharing_enabled":true,"_links":{"self":[{"href":"https:\/\/ikoninformatika.hu\/en\/wp-json\/wp\/v2\/pages\/3166","targetHints":{"allow":["GET"]}}],"collection":[{"href":"https:\/\/ikoninformatika.hu\/en\/wp-json\/wp\/v2\/pages"}],"about":[{"href":"https:\/\/ikoninformatika.hu\/en\/wp-json\/wp\/v2\/types\/page"}],"author":[{"embeddable":true,"href":"https:\/\/ikoninformatika.hu\/en\/wp-json\/wp\/v2\/users\/1"}],"replies":[{"embeddable":true,"href":"https:\/\/ikoninformatika.hu\/en\/wp-json\/wp\/v2\/comments?post=3166"}],"version-history":[{"count":169,"href":"https:\/\/ikoninformatika.hu\/en\/wp-json\/wp\/v2\/pages\/3166\/revisions"}],"predecessor-version":[{"id":10128,"href":"https:\/\/ikoninformatika.hu\/en\/wp-json\/wp\/v2\/pages\/3166\/revisions\/10128"}],"wp:attachment":[{"href":"https:\/\/ikoninformatika.hu\/en\/wp-json\/wp\/v2\/media?parent=3166"}],"curies":[{"name":"wp","href":"https:\/\/api.w.org\/{rel}","templated":true}]}}