{"id":5288,"date":"2015-07-28T20:22:47","date_gmt":"2015-07-28T20:22:47","guid":{"rendered":"http:\/\/themenectar.com\/demo\/salient-agency\/?page_id=5288"},"modified":"2023-04-20T15:56:30","modified_gmt":"2023-04-20T14:56:30","slug":"kapcsolat","status":"publish","type":"page","link":"https:\/\/ikoninformatika.hu\/en\/kapcsolat\/","title":{"rendered":"Contact"},"content":{"rendered":"\r\n\t\t<div id=\"intro\"  data-column-margin=\"default\" data-midnight=\"light\" data-top-percent=\"9%\" data-bottom-percent=\"9%\"  class=\"wpb_row vc_row-fluid vc_row full-width-section  mobileHeader\"  style=\"padding-top: calc(100vw * 0.09); padding-bottom: calc(100vw * 0.09); \"><div class=\"row-bg-wrap\" data-bg-animation=\"none\" data-bg-overlay=\"true\"><div class=\"inner-wrap using-image\"><div class=\"row-bg using-image using-bg-color\"  style=\"background-image: url(https:\/\/ikoninformatika.hu\/wp-content\/uploads\/2021\/03\/contactSnapshot.png); background-position: center center; background-repeat: no-repeat; background-color: #454156; \"><\/div><\/div><div class=\"row-bg-overlay\" style=\"background: #0a0a0a; background: linear-gradient(45deg,#0a0a0a 0%,rgba(102,102,102,0.74) 100%);  opacity: 0.8; \"><\/div><\/div><div class=\"row_col_wrap_12 col span_12 light left\">\n\t<div  class=\"vc_col-sm-12 wpb_column column_container vc_column_container col centered-text padding-6-percent inherit_tablet inherit_phone \"  data-padding-pos=\"all\" data-has-bg-color=\"false\" data-bg-color=\"\" data-bg-opacity=\"1\" data-animation=\"\" data-delay=\"0\" >\n\t\t<div class=\"vc_column-inner\" >\n\t\t\t<div class=\"wpb_wrapper\">\n\t\t\t\t<div id=\"fws_69d3999be0c41\" data-midnight=\"\" data-column-margin=\"default\" class=\"wpb_row vc_row-fluid vc_row inner_row  \"  style=\"\"><div class=\"row-bg-wrap\"> <div class=\"row-bg\" ><\/div> <\/div><div class=\"row_col_wrap_12_inner col span_12  left\">\n\t<div  class=\"vc_col-sm-12 wpb_column column_container vc_column_container col child_column has-animation no-extra-padding inherit_tablet inherit_phone \"   data-padding-pos=\"all\" data-has-bg-color=\"false\" data-bg-color=\"\" data-bg-opacity=\"1\" data-animation=\"fade-in-from-bottom\" data-delay=\"0\">\n\t\t<div class=\"vc_column-inner\" >\n\t\t<div class=\"wpb_wrapper\">\n\t\t\t<h2 style=\"font-size: 83px;color: #ffffff;line-height: 96px;text-align: center\" class=\"vc_custom_heading\" >Dolgozzunk egy\u00fctt m\u00e1sk\u00e9pp.<br \/>\nL\u00e9pj\u00fcnk kapcsolatba!<\/h2>\n\t\t<\/div> \n\t<\/div>\n\t<\/div> \n<\/div><\/div>\n\t\t\t<\/div> \n\t\t<\/div>\n\t<\/div> \n<\/div><\/div>\r\n\t\t<div id=\"locations\"  data-column-margin=\"default\" data-midnight=\"light\"  class=\"wpb_row vc_row-fluid vc_row full-width-content  vc_row-o-equal-height vc_row-flex  vc_row-o-content-middle  \"  style=\"padding-top: 0px; padding-bottom: 0px; \"><div class=\"row-bg-wrap\" data-bg-animation=\"none\" data-bg-overlay=\"false\"><div class=\"inner-wrap\"><div class=\"row-bg using-bg-color\"  style=\"background-color: #000000; \"><\/div><\/div><\/div><div class=\"row_col_wrap_12 col span_12 light left\">\n\t<div style=\"\" class=\"vc_col-sm-6 wpb_column column_container vc_column_container col no-extra-padding inherit_tablet inherit_phone \" data-using-bg=\"true\" data-padding-pos=\"all\" data-has-bg-color=\"true\" data-bg-color=\"#ffffff\" data-bg-opacity=\"1\" data-animation=\"\" data-delay=\"0\" >\n\t\t<div class=\"vc_column-inner\" ><div class=\"column-bg-overlay-wrap\" data-bg-animation=\"none\"><div class=\"column-bg-overlay\" style=\"opacity: 1; background-color: #ffffff;\"><\/div><\/div>\n\t\t\t<div class=\"wpb_wrapper\">\n\t\t\t\t<div id=\"map_69d3999be224f\" style=\"height: 650px;\" class=\"nectar-google-map\" data-infowindow-start-open=\"\" data-dark-color-scheme=\"\" data-marker-style=\"nectar\" data-nectar-marker-color=\"accent-color\" data-ultra-flat=\"\" data-greyscale=\"\" data-extra-color=\"\" data-enable-animation=\"false\" data-enable-zoom=\"\" data-zoom-level=\"14\" data-center-lat=\"47.47700799097176\" data-center-lng=\"19.041766\" data-marker-img=\"\"><\/div><div class=\"map_69d3999be224f map-marker-list\"><div class=\"map-marker\" data-marker-image-width=\"50\" data-marker-image-height=\"50\" data-lat=\"47.482776432408855\" data-lng=\"19.045174869160657\" data-mapinfo=\"Kelenhegyi\"><\/div><\/div>\n\t\t\t<\/div> \n\t\t<\/div>\n\t<\/div> \n\n\t<div style=\"\" class=\"vc_col-sm-6 contactIcon wpb_column column_container vc_column_container col padding-6-percent inherit_tablet inherit_phone \" data-using-bg=\"true\" data-padding-pos=\"all\" data-has-bg-color=\"true\" data-bg-color=\"#ffffff\" data-bg-opacity=\"1\" data-animation=\"\" data-delay=\"0\" >\n\t\t<div class=\"vc_column-inner\" ><div class=\"column-bg-overlay-wrap\" data-bg-animation=\"none\"><div class=\"column-bg-overlay\" style=\"opacity: 1; background-color: #ffffff;\"><\/div><\/div>\n\t\t\t<div class=\"wpb_wrapper\">\n\t\t\t\t<div class=\"iwithtext\"><div class=\"iwt-icon\"> <img decoding=\"async\" src=\"https:\/\/ikoninformatika.hu\/wp-content\/uploads\/2021\/01\/Budapest-Chain-Bridge-1024x1024-1-300x300.png\" alt=\"budapest chain bridge ikon\" \/> <\/div><div class=\"iwt-text\"> \n<h3><span style=\"color: #000000;\">Irod\u00e1nk<\/span><\/h3>\n<p>&nbsp;<\/p>\n<p><span style=\"color: #000000;\">1118 Budapest, Kelenhegyi \u00fat 39.<\/span><\/p>\n<p><span style=\"color: #000000;\">Telefon: +36 1 453\u00a0 4900<\/span><\/p>\n<p><span style=\"color: #000000;\">Email: hello@ikoninformatika.hu<\/span> <\/div><div class=\"clear\"><\/div><\/div>\n\t\t\t<\/div> \n\t\t<\/div>\n\t<\/div> \n<\/div><\/div>\r\n\t\t<div id=\"contact_form\"  data-column-margin=\"default\" data-midnight=\"dark\" data-top-percent=\"5%\"  class=\"wpb_row vc_row-fluid vc_row full-width-section  \"  style=\"padding-top: calc(100vw * 0.05); padding-bottom: 0px;  z-index: 100;\"><div class=\"row-bg-wrap\" data-bg-animation=\"none\" data-bg-overlay=\"false\"><div class=\"inner-wrap\"><div class=\"row-bg using-bg-color\"  style=\"background-color: #efe9e9; \"><\/div><\/div><\/div><div class=\"row_col_wrap_12 col span_12 dark left\">\n\t<div  class=\"vc_col-sm-12 contactAnimation wpb_column column_container vc_column_container col no-extra-padding inherit_tablet inherit_phone \"  data-padding-pos=\"all\" data-has-bg-color=\"false\" data-bg-color=\"\" data-bg-opacity=\"1\" data-animation=\"\" data-delay=\"0\" >\n\t\t<div class=\"vc_column-inner\" >\n\t\t\t<div class=\"wpb_wrapper\">\n\t\t\t\t<div id=\"fws_69d3999be3980\" data-midnight=\"\" data-column-margin=\"default\" class=\"wpb_row vc_row-fluid vc_row inner_row   bottom_padding_phone_6px \"  style=\"padding-bottom: 5%; \"><div class=\"row-bg-wrap\"> <div class=\"row-bg\" ><\/div> <\/div><div class=\"row_col_wrap_12_inner col span_12  left\">\n\t<div style=\" color: #ffffff;\" class=\"vc_col-sm-12 wpb_column column_container vc_column_container col child_column centered-text no-extra-padding inherit_tablet inherit_phone \" data-cfc=\"true\"  data-padding-pos=\"all\" data-has-bg-color=\"false\" data-bg-color=\"\" data-bg-opacity=\"1\" data-animation=\"\" data-delay=\"0\">\n\t\t<div class=\"vc_column-inner\" >\n\t\t<div class=\"wpb_wrapper\">\n\t\t\t<div class=\"nectar-split-heading\" data-align=\"default\" data-m-align=\"inherit\" data-animation-type=\"twist-in\" data-animation-delay=\"0\" data-m-rm-animation=\"\" data-stagger=\"\" data-custom-font-size=\"true\" style=\"font-size: 4vw; line-height: 4.4vw;\"><h1 >\u00cdrd meg nek\u00fcnk,<br \/>\nmilyen IT-probl\u00e9m\u00e1tok megold\u00e1s\u00e1ban seg\u00edthet\u00fcnk!<\/h1><\/div>\n\t\t<\/div> \n\t<\/div>\n\t<\/div> \n<\/div><\/div><div id=\"fws_69d3999be424d\" data-midnight=\"\" data-column-margin=\"default\" class=\"wpb_row vc_row-fluid vc_row inner_row  \"  style=\"\"><div class=\"row-bg-wrap\"> <div class=\"row-bg\" ><\/div> <\/div><div class=\"row_col_wrap_12_inner col span_12  left\">\n\t<div style=\"margin-bottom: -10%; \" class=\"vc_col-sm-12 wpb_column column_container vc_column_container col child_column has-animation padding-6-percent inherit_tablet inherit_phone \"  data-using-bg=\"true\" data-padding-pos=\"all\" data-has-bg-color=\"true\" data-bg-color=\"#ffffff\" data-bg-opacity=\"1\" data-animation=\"fade-in-from-bottom\" data-delay=\"0\">\n\t\t<div class=\"vc_column-inner\" ><div class=\"column-bg-overlay-wrap\" data-bg-animation=\"none\"><div class=\"column-bg-overlay\" style=\"opacity: 1; background-color: #ffffff;\"><\/div><\/div>\n\t\t<div class=\"wpb_wrapper\">\n\t\t\t\r\n<div class=\"wpb_text_column wpb_content_element \" >\r\n\t<div class=\"wpb_wrapper\">\r\n\t\t<h5 style=\"text-align: center;\"><\/h5>\n<h2 style=\"text-align: left;\"><div class=\"wpforms-container wpforms-container-full wpformIkon\" id=\"wpforms-6659\"><form id=\"wpforms-form-6659\" class=\"wpforms-validate wpforms-form\" data-formid=\"6659\" method=\"post\" enctype=\"multipart\/form-data\" action=\"\/en\/wp-json\/wp\/v2\/pages\/5288\" data-token=\"10c553fc6fd474caf3d7d840aec22bd4\" data-token-time=\"1775475099\"><noscript class=\"wpforms-error-noscript\">Please enable JavaScript in your browser to complete this form.<\/noscript><div class=\"wpforms-field-container\"><div id=\"wpforms-6659-field_0-container\" class=\"wpforms-field wpforms-field-name\" data-field-id=\"0\"><label class=\"wpforms-field-label\" for=\"wpforms-6659-field_0\">N\u00e9v <span class=\"wpforms-required-label\">*<\/span><\/label><input type=\"text\" id=\"wpforms-6659-field_0\" class=\"wpforms-field-medium wpforms-field-required\" name=\"wpforms[fields][0]\" required><\/div><div id=\"wpforms-6659-field_6-container\" class=\"wpforms-field wpforms-field-number\" data-field-id=\"6\"><label class=\"wpforms-field-label\" for=\"wpforms-6659-field_6\">Telefonsz\u00e1m <span class=\"wpforms-required-label\">*<\/span><\/label><input type=\"number\" id=\"wpforms-6659-field_6\" class=\"wpforms-field-medium wpforms-field-required\" name=\"wpforms[fields][6]\" step=\"any\" required><\/div><div id=\"wpforms-6659-field_1-container\" class=\"wpforms-field wpforms-field-email\" data-field-id=\"1\"><label class=\"wpforms-field-label\" for=\"wpforms-6659-field_1\">Email <span class=\"wpforms-required-label\">*<\/span><\/label><input type=\"email\" id=\"wpforms-6659-field_1\" class=\"wpforms-field-medium wpforms-field-required\" name=\"wpforms[fields][1]\" spellcheck=\"false\" required><\/div><div id=\"wpforms-6659-field_2-container\" class=\"wpforms-field wpforms-field-textarea\" data-field-id=\"2\"><label class=\"wpforms-field-label\" for=\"wpforms-6659-field_2\">\u00dczenet <span class=\"wpforms-required-label\">*<\/span><\/label><textarea id=\"wpforms-6659-field_2\" class=\"wpforms-field-medium wpforms-field-required\" name=\"wpforms[fields][2]\" required><\/textarea><\/div><div id=\"wpforms-6659-field_7-container\" class=\"wpforms-field wpforms-field-checkbox wpFormIkonTerms\" data-field-id=\"7\"><label class=\"wpforms-field-label\">Adatkezel\u00e9si hozz\u00e1j\u00e1rul\u00e1s <span class=\"wpforms-required-label\">*<\/span><\/label><ul id=\"wpforms-6659-field_7\" class=\"wpforms-field-required\"><li class=\"choice-1 depth-1\"><input type=\"checkbox\" id=\"wpforms-6659-field_7_1\" name=\"wpforms[fields][7][]\" value=\"Hozz\u00e1j\u00e1rulok, hogy az itt megadott adataimat az IKON Informatika Zrt. az Adatkezel\u00e9si t\u00e1j\u00e9koztat\u00f3ban le\u00edrtaknak megfelel\u0151en kezelje.\" required ><label class=\"wpforms-field-label-inline\" for=\"wpforms-6659-field_7_1\">Hozz\u00e1j\u00e1rulok, hogy az itt megadott adataimat az IKON Informatika Zrt. az Adatkezel\u00e9si t\u00e1j\u00e9koztat\u00f3ban le\u00edrtaknak megfelel\u0151en kezelje.<\/label><\/li><\/ul><div class=\"wpforms-field-description\">Adatkezel\u00e9si t\u00e1j\u00e9koztat\u00f3 let\u00f6lthet\u0151  <a href=\"https:\/\/ikoninformatika.hu\/wp-content\/uploads\/2021\/01\/adatkezelesi-tajekoztato-IKON.pdf\">ITT. <\/a><\/div><\/div><\/div><!-- .wpforms-field-container --><div class=\"wpforms-submit-container\" ><input type=\"hidden\" name=\"wpforms[id]\" value=\"6659\"><input type=\"hidden\" name=\"page_title\" value=\"\"><input type=\"hidden\" name=\"page_url\" value=\"https:\/\/ikoninformatika.hu\/en\/wp-json\/wp\/v2\/pages\/5288\"><input type=\"hidden\" name=\"url_referer\" value=\"\"><button type=\"submit\" name=\"wpforms[submit]\" id=\"wpforms-submit-6659\" class=\"wpforms-submit\" data-alt-text=\"K\u00e9rem v\u00e1rjon...\" data-submit-text=\"K\u00fcld\u00e9s\" aria-live=\"assertive\" value=\"wpforms-submit\">K\u00fcld\u00e9s<\/button><\/div><\/form><\/div>  <!-- .wpforms-container --><\/h2>\n\t<\/div>\r\n<\/div>\r\n\r\n\r\n\r\n\n\t\t<\/div> \n\t<\/div>\n\t<\/div> \n<\/div><\/div>\n\t\t\t<\/div> \n\t\t<\/div>\n\t<\/div> \n<\/div><\/div>\r\n\t\t<div id=\"fws_69d3999be627b\"  data-column-margin=\"default\" data-midnight=\"dark\"  class=\"wpb_row vc_row-fluid vc_row  \"  style=\"padding-top: 0px; padding-bottom: 0px; \"><div class=\"row-bg-wrap\" data-bg-animation=\"none\" data-bg-overlay=\"false\"><div class=\"inner-wrap\"><div class=\"row-bg\"  style=\"\"><\/div><\/div><\/div><div class=\"row_col_wrap_12 col span_12 dark left\">\n\t<div  class=\"vc_col-sm-12 wpb_column column_container vc_column_container col no-extra-padding inherit_tablet inherit_phone \"  data-padding-pos=\"all\" data-has-bg-color=\"false\" data-bg-color=\"\" data-bg-opacity=\"1\" data-animation=\"\" data-delay=\"0\" >\n\t\t<div class=\"vc_column-inner\" >\n\t\t\t<div class=\"wpb_wrapper\">\n\t\t\t\t\n\t\t\t<\/div> \n\t\t<\/div>\n\t<\/div> \n<\/div><\/div>\r\n\t\t<div id=\"fws_69d3999be6a6c\"  data-column-margin=\"default\" data-midnight=\"dark\"  class=\"wpb_row vc_row-fluid vc_row full-width-section vc_row-o-full-height vc_row-o-columns-middle vc_row-o-equal-height vc_row-flex  contactBottomPic\"  style=\"padding-top: 0px; padding-bottom: 0px; -webkit-transform:  translateY(-200px); transform:  translateY(-200px);\"><div class=\"row-bg-wrap\" data-bg-animation=\"zoom-out-slow\" data-bg-overlay=\"false\"><div class=\"inner-wrap using-image\"><div class=\"row-bg using-image\"  style=\"background-image: url(https:\/\/ikoninformatika.hu\/wp-content\/uploads\/2021\/01\/budapest-EVC5379-scaled.jpg); background-position: left top; background-repeat: no-repeat; \"><\/div><\/div><\/div><div class=\"row_col_wrap_12 col span_12 dark left\">\n\t<div  class=\"vc_col-sm-12 wpb_column column_container vc_column_container col no-extra-padding inherit_tablet inherit_phone \"  data-padding-pos=\"all\" data-has-bg-color=\"false\" data-bg-color=\"\" data-bg-opacity=\"1\" data-animation=\"\" data-delay=\"0\" >\n\t\t<div class=\"vc_column-inner\" >\n\t\t\t<div class=\"wpb_wrapper\">\n\t\t\t\t\n\t\t\t<\/div> \n\t\t<\/div>\n\t<\/div> \n<\/div><\/div>\n","protected":false},"excerpt":{"rendered":"Dolgozzunk egy\u00fctt m\u00e1sk\u00e9pp. L\u00e9pj\u00fcnk kapcsolatba! Irod\u00e1nk &nbsp; 1118 Budapest, Kelenhegyi \u00fat 39. Telefon: +36 1 453\u00a0 4900 Email: hello@ikoninformatika.hu \u00cdrd meg nek\u00fcnk, milyen IT-probl\u00e9m\u00e1tok megold\u00e1s\u00e1ban seg\u00edthet\u00fcnk! Please enable JavaScript in...","protected":false},"author":1,"featured_media":0,"parent":0,"menu_order":0,"comment_status":"open","ping_status":"open","template":"","meta":{"footnotes":""},"class_list":["post-5288","page","type-page","status-publish"],"aioseo_notices":[],"jetpack_sharing_enabled":true,"_links":{"self":[{"href":"https:\/\/ikoninformatika.hu\/en\/wp-json\/wp\/v2\/pages\/5288","targetHints":{"allow":["GET"]}}],"collection":[{"href":"https:\/\/ikoninformatika.hu\/en\/wp-json\/wp\/v2\/pages"}],"about":[{"href":"https:\/\/ikoninformatika.hu\/en\/wp-json\/wp\/v2\/types\/page"}],"author":[{"embeddable":true,"href":"https:\/\/ikoninformatika.hu\/en\/wp-json\/wp\/v2\/users\/1"}],"replies":[{"embeddable":true,"href":"https:\/\/ikoninformatika.hu\/en\/wp-json\/wp\/v2\/comments?post=5288"}],"version-history":[{"count":79,"href":"https:\/\/ikoninformatika.hu\/en\/wp-json\/wp\/v2\/pages\/5288\/revisions"}],"predecessor-version":[{"id":8163,"href":"https:\/\/ikoninformatika.hu\/en\/wp-json\/wp\/v2\/pages\/5288\/revisions\/8163"}],"wp:attachment":[{"href":"https:\/\/ikoninformatika.hu\/en\/wp-json\/wp\/v2\/media?parent=5288"}],"curies":[{"name":"wp","href":"https:\/\/api.w.org\/{rel}","templated":true}]}}