{"id":8165,"date":"2023-04-24T10:07:13","date_gmt":"2023-04-24T09:07:13","guid":{"rendered":"https:\/\/ikoninformatika.hu\/?page_id=8165"},"modified":"2023-11-16T09:56:13","modified_gmt":"2023-11-16T08:56:13","slug":"home-23","status":"publish","type":"page","link":"https:\/\/ikoninformatika.hu\/en\/home-23\/","title":{"rendered":"Home &#8211; 23"},"content":{"rendered":"<div id=\"fws_69f1a8010aea0\"  data-column-margin=\"default\" data-midnight=\"dark\"  class=\"wpb_row vc_row-fluid vc_row\"  style=\"padding-top: 0px; padding-bottom: 0px; \"><div class=\"row-bg-wrap\" data-bg-animation=\"none\" data-bg-overlay=\"false\"><div class=\"inner-wrap\"><div class=\"row-bg using-bg-color\"  style=\"background-color: #2781ba; \"><\/div><\/div><\/div><div class=\"row_col_wrap_12 col span_12 dark left\">\n\t<div  class=\"vc_col-sm-12 wpb_column column_container vc_column_container col no-extra-padding inherit_tablet inherit_phone\"  data-padding-pos=\"all\" data-has-bg-color=\"false\" data-bg-color=\"\" data-bg-opacity=\"1\" data-animation=\"\" data-delay=\"0\" >\n\t\t<div class=\"vc_column-inner\" >\n\t\t\t<div class=\"wpb_wrapper\">\n\t\t\t\t<div class=\"page-submenu\" data-bg-color=\"#2781ba\" data-sticky=\"true\" data-alignment=\"left\"><div class=\"full-width-section\" style=\"background-color:#2781ba; color: #ffffff;\"><div class=\"container\"><a href=\"#\" class=\"mobile-menu-link\"><i class=\"salient-page-submenu-icon\"><\/i>Menu<\/a><ul style=\"background-color:#2781ba; color: #ffffff;\"><li><a  href=\"#\">Link<\/a><\/li><li><a  href=\"#\">Link<\/a><\/li><\/ul><\/div><\/div><\/div>\n\t\t\t<\/div> \n\t\t<\/div>\n\t<\/div> \n<\/div><\/div>\r\n\t\t<div id=\"fws_69f1a8010bb0e\"  data-column-margin=\"default\" data-midnight=\"dark\"  class=\"wpb_row vc_row-fluid vc_row\"  style=\"padding-top: 0px; padding-bottom: 0px; \"><div class=\"row-bg-wrap\" data-bg-animation=\"none\" data-bg-overlay=\"false\"><div class=\"inner-wrap\"><div class=\"row-bg\"  style=\"\"><\/div><\/div><\/div><div class=\"row_col_wrap_12 col span_12 dark left\">\n\t<div style=\"\" class=\"vc_col-sm-3\/5 homeProjects wpb_column column_container vc_column_container col padding-2-percent inherit_tablet inherit_phone\" data-using-bg=\"true\" data-padding-pos=\"all\" data-has-bg-color=\"true\" data-bg-color=\"#033c59\" data-bg-opacity=\"1\" data-animation=\"\" data-delay=\"0\" >\n\t\t<div class=\"vc_column-inner\" ><div class=\"column-bg-overlay-wrap\" data-bg-animation=\"none\"><div class=\"column-bg-overlay\" style=\"opacity: 1; background-color: #033c59;\"><\/div><\/div>\n\t\t\t<div class=\"wpb_wrapper\">\n\t\t\t\t<h2 style=\"font-size: 40px;color: #ffffff;line-height: 50px;text-align: left;font-family:Roboto Condensed;font-weight:400;font-style:normal\" class=\"vc_custom_heading\" >Apple device pool deployment and support<\/h2><p style=\"font-size: 20px;color: #ffffff;line-height: 1.5;text-align: left;font-family:Roboto;font-weight:400;font-style:normal\" class=\"vc_custom_heading\" >Devices with an apple on them enjoy a growing popularity in corporate use, but with them comes the challenge to use these devices to their full potential in the organization. We can help your company maximize the opportunities offered by your mobile devices right from the start. They could do more than you\u2019d think.<\/p>\n\t<div class=\"wpb_raw_code wpb_raw_js\" >\n\t\t<div class=\"wpb_wrapper\">\n\t\t\t<script> \nwindow.onload = load;\n\nfunction load() {\nconst element = document.querySelector('.page-submenu .full-width-section')\n\nconst newdiv = document.createElement(\"DIV\");  \nconst logoImage = document.createElement(\"IMG\");  \n\nnewdiv.appendChild(logoImage)\nelement.appendChild(newdiv)\n\nnewdiv.classList.add(\"imageContainer\");\nlogoImage.classList.add(\"starting-logo\", \"dark-version\", \"default-logo\");\n\nlogoImage.src = \"https:\/\/ikoninformatika.hu\/wp-content\/uploads\/2021\/01\/800px-szeles-logo-csak-IKON.png\";\nconst mydivs = document.querySelectorAll('.flip-box-back .inner')\nconsole.log(mydivs )\n\n\/\/ mydiv.appendChild(aTag);\n\nmydivs.forEach((el,index) => {\nconst aTag = document.createElement('a');\nconst bTag = document.createElement('a');\nconst cTag = document.createElement('a');\nconst dTag = document.createElement('a');\nconst eTag = document.createElement('a');\naTag.setAttribute('href',\"https:\/\/ikoninformatika.hu\/mobil-technologiak\/\");\naTag.innerText = \"Tov\u00e1bb a r\u00e9szletekre\";\nbTag.setAttribute('href',\"https:\/\/ikoninformatika.hu\/erp\/\");\nbTag.innerText = \"Tov\u00e1bb a r\u00e9szletekre\";\ncTag.setAttribute('href',\"https:\/\/ikoninformatika.hu\/penzinzetetimegoldasok\/\");\ncTag.innerText = \"Tov\u00e1bb a r\u00e9szletekre\";\ndTag.setAttribute('href',\"https:\/\/ikoninformatika.hu\/szoftverfejlesztes\/\");\ndTag.innerText = \"Tov\u00e1bb a r\u00e9szletekre\";\neTag.setAttribute('href',\"https:\/\/ikoninformatika.hu\/rolunk\/\");\neTag.innerText = \"Tov\u00e1bb a r\u00e9szletekre\";\n\nif (index === 0) {\n el.appendChild(aTag);\naTag.classList.add(\"buttonStyle1\");\n} \nelse if (index === 1) {\nel.appendChild(bTag);\nbTag.classList.add(\"buttonStyle2\");\n} \nelse if  (index === 2) {\nel.appendChild(cTag);\ncTag.classList.add(\"buttonStyle3\");\n} \nelse if  (index === 3) {\nel.appendChild(dTag);\ndTag.classList.add(\"buttonStyle4\");\n}\nelse  {\nel.appendChild(eTag);\neTag.classList.add(\"buttonStyle1\");\n}\n});\n\n}\n <\/script>\n\t\t<\/div>\n\t<\/div>\n\n\t\t\t<\/div> \n\t\t<\/div>\n\t<\/div> \n\n\t<div  class=\"vc_col-sm-2\/5 homeProjects wpb_column column_container vc_column_container col no-extra-padding inherit_tablet inherit_phone\"  data-padding-pos=\"all\" data-has-bg-color=\"false\" data-bg-color=\"\" data-bg-opacity=\"1\" data-animation=\"\" data-delay=\"0\" >\n\t\t<div class=\"vc_column-inner\" >\n\t\t\t<div class=\"wpb_wrapper\">\n\t\t\t\t<div class=\"nectar-flip-box\" data-min-height=\"300\" data-flip-direction=\"horizontal-to-left\" data-h_text_align=\"center\" data-v_text_align=\"center\"><div class=\"flip-box-front\"  data-bg-overlay=\"\" data-text-color=\"dark\" style=\"background-image: url('https:\/\/ikoninformatika.hu\/wp-content\/uploads\/2021\/02\/the-man-is-using-a-laptop-U4HGXCR-scaled.jpg'); background-color: #fff; min-height: 300px;\"> <div class=\"inner\"><\/div> <\/div><div class=\"flip-box-back\"  data-bg-overlay=\"\" data-text-color=\"dark\" style=\"background-color: #faa71a; min-height: 300px;\"> <div class=\"inner\"><\/div> <\/div><\/div>\n\t\t\t<\/div> \n\t\t<\/div>\n\t<\/div> \n<\/div><\/div>\r\n\t\t<div id=\"fws_69f1a8010cfcc\"  data-column-margin=\"default\" data-midnight=\"dark\"  class=\"wpb_row vc_row-fluid vc_row\"  style=\"padding-top: 0px; padding-bottom: 0px; \"><div class=\"row-bg-wrap\" data-bg-animation=\"none\" data-bg-overlay=\"false\"><div class=\"inner-wrap\"><div class=\"row-bg\"  style=\"\"><\/div><\/div><\/div><div class=\"row_col_wrap_12 col span_12 dark left\">\n\t<div style=\"\" class=\"vc_col-sm-3\/5 homeProjects wpb_column column_container vc_column_container col padding-2-percent inherit_tablet inherit_phone\" data-using-bg=\"true\" data-padding-pos=\"all\" data-has-bg-color=\"true\" data-bg-color=\"#faa71a\" data-bg-opacity=\"1\" data-animation=\"\" data-delay=\"0\" >\n\t\t<div class=\"vc_column-inner\" ><div class=\"column-bg-overlay-wrap\" data-bg-animation=\"none\"><div class=\"column-bg-overlay\" style=\"opacity: 1; background-color: #faa71a;\"><\/div><\/div>\n\t\t\t<div class=\"wpb_wrapper\">\n\t\t\t\t<h2 style=\"font-size: 40px;color: #444444;line-height: 50px;text-align: left;font-family:Roboto Condensed;font-weight:400;font-style:normal\" class=\"vc_custom_heading\" >IKON ERP system<\/h2><p style=\"font-size: 20px;color: #686868;line-height: 1.5;text-align: left;font-family:Roboto;font-weight:400;font-style:normal\" class=\"vc_custom_heading\" >All information in a company is only a pile of data until business intelligence puts it all in the service of decision-makers. This needs order in business procedures, transparency in the reports, and efficiency in the back-office processes \u2013 with as few resources used, as possible. Scope enterprise resource planning system prepares most of this information to be within the reach of the managers. Scope ERP is optimized to the needs of mid-size companies, with a fast introduction, and tailored to the special features of each client. Let\u2019s be honest: there is no prospect for development without a good ERP system.<\/p>\n\t\t\t<\/div> \n\t\t<\/div>\n\t<\/div> \n\n\t<div  class=\"vc_col-sm-2\/5 homeProjects wpb_column column_container vc_column_container col no-extra-padding inherit_tablet inherit_phone\"  data-padding-pos=\"all\" data-has-bg-color=\"false\" data-bg-color=\"\" data-bg-opacity=\"1\" data-animation=\"\" data-delay=\"0\" >\n\t\t<div class=\"vc_column-inner\" >\n\t\t\t<div class=\"wpb_wrapper\">\n\t\t\t\t<div class=\"nectar-flip-box\" data-min-height=\"300\" data-flip-direction=\"horizontal-to-left\" data-h_text_align=\"center\" data-v_text_align=\"center\"><div class=\"flip-box-front\"  data-bg-overlay=\"\" data-text-color=\"dark\" style=\"background-image: url('https:\/\/ikoninformatika.hu\/wp-content\/uploads\/2021\/02\/notebook-with-toolls-notes-about-erp-concept-scaled.jpg'); background-color: #fff; min-height: 300px;\"> <div class=\"inner\"><\/div> <\/div><div class=\"flip-box-back\"  data-bg-overlay=\"\" data-text-color=\"dark\" style=\"background-color: #484848; min-height: 300px;\"> <div class=\"inner\"><\/div> <\/div><\/div>\n\t\t\t<\/div> \n\t\t<\/div>\n\t<\/div> \n<\/div><\/div>\r\n\t\t<div id=\"fws_69f1a8010df86\"  data-column-margin=\"default\" data-midnight=\"dark\"  class=\"wpb_row vc_row-fluid vc_row\"  style=\"padding-top: 0px; padding-bottom: 0px; \"><div class=\"row-bg-wrap\" data-bg-animation=\"none\" data-bg-overlay=\"false\"><div class=\"inner-wrap\"><div class=\"row-bg\"  style=\"\"><\/div><\/div><\/div><div class=\"row_col_wrap_12 col span_12 dark left\">\n\t<div style=\"\" class=\"vc_col-sm-3\/5 homeProjects wpb_column column_container vc_column_container col padding-2-percent inherit_tablet inherit_phone\" data-using-bg=\"true\" data-padding-pos=\"all\" data-has-bg-color=\"true\" data-bg-color=\"#484848\" data-bg-opacity=\"1\" data-animation=\"\" data-delay=\"0\" >\n\t\t<div class=\"vc_column-inner\" ><div class=\"column-bg-overlay-wrap\" data-bg-animation=\"none\"><div class=\"column-bg-overlay\" style=\"opacity: 1; background-color: #484848;\"><\/div><\/div>\n\t\t\t<div class=\"wpb_wrapper\">\n\t\t\t\t<h2 style=\"font-size: 40px;color: #ffffff;line-height: 50px;text-align: left;font-family:Roboto Condensed;font-weight:400;font-style:normal\" class=\"vc_custom_heading\" >Financial solutions<\/h2><p style=\"font-size: 20px;color: #ffffff;line-height: 1.5;text-align: left;font-family:Roboto;font-weight:400;font-style:normal\" class=\"vc_custom_heading\" >We like to think of banking as being IT for the most part. It is a challenge for smaller banks and financial providers to find the core system with the right functionality, which covers their full product portfolio and ensures operation compliance with the Hungarian regulations, while requiring a reasonable investment. Instant Money integrated software system for financial institutions offers an optimal solution. We can also set you up with an instant payment solution as an independent module, which can be fitted to nearly any banking core system and meets the Central Bank of Hungary\u2019s requirements regarding the instant payments. Full-scale solutions are no longer a privilege of large banks!<\/p>\n\t\t\t<\/div> \n\t\t<\/div>\n\t<\/div> \n\n\t<div  class=\"vc_col-sm-2\/5 homeProjects wpb_column column_container vc_column_container col no-extra-padding inherit_tablet inherit_phone\"  data-padding-pos=\"all\" data-has-bg-color=\"false\" data-bg-color=\"\" data-bg-opacity=\"1\" data-animation=\"\" data-delay=\"0\" >\n\t\t<div class=\"vc_column-inner\" >\n\t\t\t<div class=\"wpb_wrapper\">\n\t\t\t\t<div class=\"nectar-flip-box\" data-min-height=\"300\" data-flip-direction=\"horizontal-to-left\" data-h_text_align=\"center\" data-v_text_align=\"center\"><div class=\"flip-box-front\"  data-bg-overlay=\"\" data-text-color=\"dark\" style=\"background-image: url('https:\/\/ikoninformatika.hu\/wp-content\/uploads\/2021\/02\/im.png'); background-color: #fff; min-height: 300px;\"> <div class=\"inner\"><\/div> <\/div><div class=\"flip-box-back\"  data-bg-overlay=\"\" data-text-color=\"dark\" style=\"background-color: #2781ba; min-height: 300px;\"> <div class=\"inner\"><\/div> <\/div><\/div>\n\t\t\t<\/div> \n\t\t<\/div>\n\t<\/div> \n<\/div><\/div>\r\n\t\t<div id=\"fws_69f1a8010eefe\"  data-column-margin=\"default\" data-midnight=\"dark\"  class=\"wpb_row vc_row-fluid vc_row\"  style=\"padding-top: 0px; padding-bottom: 0px; \"><div class=\"row-bg-wrap\" data-bg-animation=\"none\" data-bg-overlay=\"false\"><div class=\"inner-wrap\"><div class=\"row-bg\"  style=\"\"><\/div><\/div><\/div><div class=\"row_col_wrap_12 col span_12 dark left\">\n\t<div style=\"\" class=\"vc_col-sm-3\/5 homeProjects wpb_column column_container vc_column_container col padding-2-percent inherit_tablet inherit_phone\" data-using-bg=\"true\" data-padding-pos=\"all\" data-has-bg-color=\"true\" data-bg-color=\"#2781ba\" data-bg-opacity=\"1\" data-animation=\"\" data-delay=\"0\" >\n\t\t<div class=\"vc_column-inner\" ><div class=\"column-bg-overlay-wrap\" data-bg-animation=\"none\"><div class=\"column-bg-overlay\" style=\"opacity: 1; background-color: #2781ba;\"><\/div><\/div>\n\t\t\t<div class=\"wpb_wrapper\">\n\t\t\t\t<h2 style=\"font-size: 40px;color: #ffffff;line-height: 50px;text-align: left\" class=\"vc_custom_heading\" >Software development<\/h2><p style=\"font-size: 20px;color: #ffffff;line-height: 1.5;text-align: left;font-family:Roboto;font-weight:400;font-style:normal\" class=\"vc_custom_heading\" >Our developer colleagues have an average of 20 years of software development experience behind them, but this does not mean that we would want to solve our clients\u2019 special software development needs from some old routine. Instead, we dig into the problem, we find the right technology, and come up with a software tool precisely tailored to their unique needs. We do not bore you with the details of possible technology choices, because you may not be interested in this, only the goal: to be able to click on your \u201cown icon\u201d.<\/p>\n\t\t\t<\/div> \n\t\t<\/div>\n\t<\/div> \n\n\t<div  class=\"vc_col-sm-2\/5 homeProjects wpb_column column_container vc_column_container col no-extra-padding inherit_tablet inherit_phone\"  data-padding-pos=\"all\" data-has-bg-color=\"false\" data-bg-color=\"\" data-bg-opacity=\"1\" data-animation=\"\" data-delay=\"0\" >\n\t\t<div class=\"vc_column-inner\" >\n\t\t\t<div class=\"wpb_wrapper\">\n\t\t\t\t<div class=\"nectar-flip-box\" data-min-height=\"300\" data-flip-direction=\"horizontal-to-left\" data-h_text_align=\"center\" data-v_text_align=\"center\"><div class=\"flip-box-front\"  data-bg-overlay=\"\" data-text-color=\"dark\" style=\"background-image: url('https:\/\/ikoninformatika.hu\/wp-content\/uploads\/2021\/03\/development-1.png'); background-color: #fff; min-height: 300px;\"> <div class=\"inner\"><\/div> <\/div><div class=\"flip-box-back\"  data-bg-overlay=\"\" data-text-color=\"dark\" style=\"background-color: #033c59; min-height: 300px;\"> <div class=\"inner\"><\/div> <\/div><\/div>\n\t\t\t<\/div> \n\t\t<\/div>\n\t<\/div> \n<\/div><\/div>\r\n\t\t<div id=\"fws_69f1a8010fe97\"  data-column-margin=\"default\" data-midnight=\"dark\"  class=\"wpb_row vc_row-fluid vc_row\"  style=\"padding-top: 0px; padding-bottom: 0px; \"><div class=\"row-bg-wrap\" data-bg-animation=\"none\" data-bg-overlay=\"false\"><div class=\"inner-wrap\"><div class=\"row-bg\"  style=\"\"><\/div><\/div><\/div><div class=\"row_col_wrap_12 col span_12 dark left\">\n\t<div style=\"\" class=\"vc_col-sm-3\/5 homeProjects wpb_column column_container vc_column_container col padding-2-percent inherit_tablet inherit_phone\" data-using-bg=\"true\" data-padding-pos=\"all\" data-has-bg-color=\"true\" data-bg-color=\"#033c59\" data-bg-opacity=\"1\" data-animation=\"\" data-delay=\"0\" >\n\t\t<div class=\"vc_column-inner\" ><div class=\"column-bg-overlay-wrap\" data-bg-animation=\"none\"><div class=\"column-bg-overlay\" style=\"opacity: 1; background-color: #033c59;\"><\/div><\/div>\n\t\t\t<div class=\"wpb_wrapper\">\n\t\t\t\t<h2 style=\"font-size: 40px;color: #ffffff;line-height: 50px;text-align: left;font-family:Roboto Condensed;font-weight:400;font-style:normal\" class=\"vc_custom_heading\" >Work different<\/h2><p style=\"font-size: 20px;color: #ffffff;line-height: 1.5;text-align: left;font-family:Roboto;font-weight:400;font-style:normal\" class=\"vc_custom_heading\" >This is our message in the shortest possible form. We would like to navigate companies that turn to us among the novelties of information technology, in order to make our so much used devices into our real help at work: integrated and smoothly cooperating software and hardware. Learn more about our philosophy, our values, and meet the team!<\/p>\n\t\t\t<\/div> \n\t\t<\/div>\n\t<\/div> \n\n\t<div  class=\"vc_col-sm-2\/5 homeProjects wpb_column column_container vc_column_container col no-extra-padding inherit_tablet inherit_phone\"  data-padding-pos=\"all\" data-has-bg-color=\"false\" data-bg-color=\"\" data-bg-opacity=\"1\" data-animation=\"\" data-delay=\"0\" >\n\t\t<div class=\"vc_column-inner\" >\n\t\t\t<div class=\"wpb_wrapper\">\n\t\t\t\t<div class=\"nectar-flip-box\" data-min-height=\"300\" data-flip-direction=\"horizontal-to-left\" data-h_text_align=\"center\" data-v_text_align=\"center\"><div class=\"flip-box-front\"  data-bg-overlay=\"\" data-text-color=\"dark\" style=\"background-image: url('https:\/\/ikoninformatika.hu\/wp-content\/uploads\/2021\/02\/team3.png'); background-color: #fff; min-height: 300px;\"> <div class=\"inner\"><\/div> <\/div><div class=\"flip-box-back\"  data-bg-overlay=\"\" data-text-color=\"dark\" style=\"background-color: #faa71a; min-height: 300px;\"> <div class=\"inner\"><\/div> <\/div><\/div>\n\t\t\t<\/div> \n\t\t<\/div>\n\t<\/div> \n<\/div><\/div>","protected":false},"excerpt":{"rendered":"MenuLinkLink Apple eszk\u00f6zpark bevezet\u00e9se \u00e9s t\u00e1mogat\u00e1saAz alm\u00e1s term\u00e9kek egyre n\u00f6vekv\u0151 n\u00e9pszer\u0171s\u00e9gnek \u00f6rvendenek a v\u00e1llalati felhaszn\u00e1l\u00e1sban, azonban vel\u00fck egy\u00fctt \u00e9rkezik a kih\u00edv\u00e1s is, hogy ezek az eszk\u00f6z\u00f6k a potenci\u00e1ljuk teljess\u00e9g\u00e9t kihaszn\u00e1lva...","protected":false},"author":9,"featured_media":0,"parent":0,"menu_order":0,"comment_status":"closed","ping_status":"closed","template":"","meta":{"footnotes":""},"class_list":["post-8165","page","type-page","status-publish"],"aioseo_notices":[],"jetpack_sharing_enabled":true,"_links":{"self":[{"href":"https:\/\/ikoninformatika.hu\/en\/wp-json\/wp\/v2\/pages\/8165","targetHints":{"allow":["GET"]}}],"collection":[{"href":"https:\/\/ikoninformatika.hu\/en\/wp-json\/wp\/v2\/pages"}],"about":[{"href":"https:\/\/ikoninformatika.hu\/en\/wp-json\/wp\/v2\/types\/page"}],"author":[{"embeddable":true,"href":"https:\/\/ikoninformatika.hu\/en\/wp-json\/wp\/v2\/users\/9"}],"replies":[{"embeddable":true,"href":"https:\/\/ikoninformatika.hu\/en\/wp-json\/wp\/v2\/comments?post=8165"}],"version-history":[{"count":7,"href":"https:\/\/ikoninformatika.hu\/en\/wp-json\/wp\/v2\/pages\/8165\/revisions"}],"predecessor-version":[{"id":8178,"href":"https:\/\/ikoninformatika.hu\/en\/wp-json\/wp\/v2\/pages\/8165\/revisions\/8178"}],"wp:attachment":[{"href":"https:\/\/ikoninformatika.hu\/en\/wp-json\/wp\/v2\/media?parent=8165"}],"curies":[{"name":"wp","href":"https:\/\/api.w.org\/{rel}","templated":true}]}}